{"id":634,"date":"2026-02-20T12:06:20","date_gmt":"2026-02-20T12:06:20","guid":{"rendered":"https:\/\/dev.sdesj.org\/?page_id=634"},"modified":"2026-03-25T13:11:05","modified_gmt":"2026-03-25T13:11:05","slug":"volunteering","status":"publish","type":"page","link":"https:\/\/dev.sdesj.org\/en\/benevolat\/","title":{"rendered":"Volunteer"},"content":{"rendered":"<div data-elementor-type=\"wp-page\" data-elementor-id=\"634\" class=\"elementor elementor-634\" data-elementor-post-type=\"page\">\n\t\t\t\t<div data-particle_enable=\"false\" data-particle-mobile-disabled=\"false\" class=\"elementor-element elementor-element-da5856a e-flex e-con-boxed e-con e-parent\" data-id=\"da5856a\" data-element_type=\"container\" data-e-type=\"container\" data-settings=\"{&quot;background_background&quot;:&quot;classic&quot;}\">\n\t\t\t\t\t<div class=\"e-con-inner\">\n\t\t\t\t<div class=\"elementor-element elementor-element-bd28bef elementor-widget elementor-widget-heading\" data-id=\"bd28bef\" data-element_type=\"widget\" data-e-type=\"widget\" data-widget_type=\"heading.default\">\n\t\t\t\t\t\t\t<h2 class=\"elementor-heading-title elementor-size-default\">Join our volunteer community<\/h2>\t\t\t\t<\/div>\n\t\t\t\t\t<\/div>\n\t\t\t\t<\/div>\n\t\t<div data-particle_enable=\"false\" data-particle-mobile-disabled=\"false\" class=\"elementor-element elementor-element-0d2144a e-flex e-con-boxed e-con e-parent\" data-id=\"0d2144a\" data-element_type=\"container\" data-e-type=\"container\">\n\t\t\t\t\t<div class=\"e-con-inner\">\n\t\t\t\t<div class=\"elementor-element elementor-element-0489ff0 elementor-widget elementor-widget-text-editor\" data-id=\"0489ff0\" data-element_type=\"widget\" data-e-type=\"widget\" data-widget_type=\"text-editor.default\">\n\t\t\t\t\t\t\t\t\t\t\t<section class=\"mb-20\"><div class=\"max-w-4xl mx-auto\"><p class=\"text-lg text-muted-foreground leading-relaxed mb-8\">Since our inception, a growing community of passionate volunteers has chosen to get involved with the Afro Youth Summit. Their commitment is demonstrated through various initiatives: the organization of our annual summit which brings together hundreds of participants, the distribution of computers to families as part of our 4C project, as well as many other actions that strengthen our community impact.<\/p><p class=\"text-lg text-muted-foreground leading-relaxed\">Each volunteer brings their unique skills, energy, and vision, helping to create a dynamic ecosystem where innovation and solidarity converge. We are deeply grateful to all those who generously share their time and talents to advance our mission.<\/p><\/div><\/section>\t\t\t\t\t\t\t\t<\/div>\n\t\t\t\t\t<\/div>\n\t\t\t\t<\/div>\n\t\t<div data-particle_enable=\"false\" data-particle-mobile-disabled=\"false\" class=\"elementor-element elementor-element-6e1c5f9 e-flex e-con-boxed e-con e-parent\" data-id=\"6e1c5f9\" data-element_type=\"container\" data-e-type=\"container\" data-settings=\"{&quot;background_background&quot;:&quot;classic&quot;}\">\n\t\t\t\t\t<div class=\"e-con-inner\">\n\t\t\t\t<div class=\"elementor-element elementor-element-72acfe5 elementor-widget elementor-widget-heading\" data-id=\"72acfe5\" data-element_type=\"widget\" data-e-type=\"widget\" data-widget_type=\"heading.default\">\n\t\t\t\t\t\t\t<h2 class=\"elementor-heading-title elementor-size-default\">Join the collective effort<\/h2>\t\t\t\t<\/div>\n\t\t\t\t\t<\/div>\n\t\t\t\t<\/div>\n\t\t<div data-particle_enable=\"false\" data-particle-mobile-disabled=\"false\" class=\"elementor-element elementor-element-1a4d4e3 e-grid e-con-boxed e-con e-parent\" data-id=\"1a4d4e3\" data-element_type=\"container\" data-e-type=\"container\">\n\t\t\t\t\t<div class=\"e-con-inner\">\n\t\t<div data-particle_enable=\"false\" data-particle-mobile-disabled=\"false\" class=\"elementor-element elementor-element-41af0c4 e-con-full e-flex e-con e-child\" data-id=\"41af0c4\" data-element_type=\"container\" data-e-type=\"container\">\n\t\t\t\t<div class=\"elementor-element elementor-element-93cc9d8 elementor-widget elementor-widget-heading\" data-id=\"93cc9d8\" data-element_type=\"widget\" data-e-type=\"widget\" data-widget_type=\"heading.default\">\n\t\t\t\t\t\t\t<h2 class=\"elementor-heading-title elementor-size-default\">Why become a volunteer?<\/h2>\t\t\t\t<\/div>\n\t\t\t\t<div class=\"elementor-element elementor-element-d57fb20 elementor-widget elementor-widget-text-editor\" data-id=\"d57fb20\" data-element_type=\"widget\" data-e-type=\"widget\" data-widget_type=\"text-editor.default\">\n\t\t\t\t\t\t\t\t\t\t\t<section class=\"mb-20\"><div class=\"max-w-4xl mx-auto\"><p class=\"text-muted-foreground mb-6\">By joining our team, you will have the opportunity to:<\/p><div class=\"space-y-4\"><div class=\"flex items-start\"><p class=\"text-muted-foreground\">To contribute directly to the empowerment of young people of African descent<\/p><\/div><div class=\"flex items-start\"><p class=\"text-muted-foreground\">Develop your skills in event management, communication and community development<\/p><\/div><div class=\"flex items-start\"><p class=\"text-muted-foreground\">Be part of an inspiring network of professionals and activists<\/p><\/div><div class=\"flex items-start\"><p class=\"text-muted-foreground\">Participating in concrete projects that transform lives<\/p><\/div><\/div><\/div><\/section>\t\t\t\t\t\t\t\t<\/div>\n\t\t\t\t<\/div>\n\t\t<div data-particle_enable=\"false\" data-particle-mobile-disabled=\"false\" class=\"elementor-element elementor-element-63e5ef1 e-con-full e-flex e-con e-child\" data-id=\"63e5ef1\" data-element_type=\"container\" data-e-type=\"container\">\n\t\t\t\t<div class=\"elementor-element elementor-element-cc51e01 elementor-widget elementor-widget-heading\" data-id=\"cc51e01\" data-element_type=\"widget\" data-e-type=\"widget\" data-widget_type=\"heading.default\">\n\t\t\t\t\t\t\t<h2 class=\"elementor-heading-title elementor-size-default\">How to join us?<\/h2>\t\t\t\t<\/div>\n\t\t\t\t<div class=\"elementor-element elementor-element-4641b28 elementor-widget elementor-widget-heading\" data-id=\"4641b28\" data-element_type=\"widget\" data-e-type=\"widget\" data-widget_type=\"heading.default\">\n\t\t\t\t\t\t\t<h2 class=\"elementor-heading-title elementor-size-default\">Volunteering:<\/h2>\t\t\t\t<\/div>\n\t\t\t\t<div class=\"elementor-element elementor-element-dedd0b0 elementor-widget elementor-widget-text-editor\" data-id=\"dedd0b0\" data-element_type=\"widget\" data-e-type=\"widget\" data-widget_type=\"text-editor.default\">\n\t\t\t\t\t\t\t\t\t\t\t<p>Write to us at\u00a0<a class=\"text-sdesj-orange hover:underline font-semibold\" href=\"mailto:info@sdesj.org\">info@sdesj.org<\/a>\u00a0By sharing your motivation and the skills you wish to contribute to our cause, please let us know. We carefully review each application and will contact you promptly.<\/p>\t\t\t\t\t\t\t\t<\/div>\n\t\t\t\t<\/div>\n\t\t\t\t\t<\/div>\n\t\t\t\t<\/div>\n\t\t<div data-particle_enable=\"false\" data-particle-mobile-disabled=\"false\" class=\"elementor-element elementor-element-bcf2b1c e-flex e-con-boxed e-con e-parent\" data-id=\"bcf2b1c\" data-element_type=\"container\" data-e-type=\"container\" data-settings=\"{&quot;background_background&quot;:&quot;classic&quot;}\">\n\t\t\t\t\t<div class=\"e-con-inner\">\n\t\t<div data-particle_enable=\"false\" data-particle-mobile-disabled=\"false\" class=\"elementor-element elementor-element-4efdfb5 e-con-full e-flex e-con e-child\" data-id=\"4efdfb5\" data-element_type=\"container\" data-e-type=\"container\" data-settings=\"{&quot;background_background&quot;:&quot;classic&quot;}\">\n\t\t\t\t<div class=\"elementor-element elementor-element-16dbf6f elementor-widget elementor-widget-heading\" data-id=\"16dbf6f\" data-element_type=\"widget\" data-e-type=\"widget\" data-widget_type=\"heading.default\">\n\t\t\t\t\t\t\t<h2 class=\"elementor-heading-title elementor-size-default\">Engage with us<\/h2>\t\t\t\t<\/div>\n\t\t\t\t<div class=\"elementor-element elementor-element-3f766ee elementor-widget-divider--view-line elementor-widget elementor-widget-divider\" data-id=\"3f766ee\" data-element_type=\"widget\" data-e-type=\"widget\" data-widget_type=\"divider.default\">\n\t\t\t\t\t\t\t\t\t<div class=\"elementor-divider\">\n\t\t\t<span class=\"elementor-divider-separator\">\n\t\t\t\t\t\t<\/span>\n\t\t<\/div>\n\t\t\t\t\t\t<\/div>\n\t\t\t\t<div class=\"elementor-element elementor-element-f0326c2 elementor-widget elementor-widget-text-editor\" data-id=\"f0326c2\" data-element_type=\"widget\" data-e-type=\"widget\" data-widget_type=\"text-editor.default\">\n\t\t\t\t\t\t\t\t\t\t\t<p>Your commitment can make a difference. Join a community of dedicated volunteers working together to create a positive and lasting impact in our communities.<\/p>\t\t\t\t\t\t\t\t<\/div>\n\t\t<div data-particle_enable=\"false\" data-particle-mobile-disabled=\"false\" class=\"elementor-element elementor-element-5b3203a e-con-full e-flex e-con e-child\" data-id=\"5b3203a\" data-element_type=\"container\" data-e-type=\"container\">\n\t\t\t\t<div class=\"elementor-element elementor-element-ddcf512 elementor-align-center elementor-widget elementor-widget-button\" data-id=\"ddcf512\" data-element_type=\"widget\" data-e-type=\"widget\" data-widget_type=\"button.default\">\n\t\t\t\t\t\t\t\t\t\t\t\t<a class=\"elementor-button elementor-button-link elementor-size-sm elementor-animation-shrink\" href=\"https:\/\/dev.sdesj.org\/en\/career\/\">\n\t\t\t\t\t\t<span class=\"elementor-button-content-wrapper\">\n\t\t\t\t\t\t\t\t\t<span class=\"elementor-button-text\">Become a Volunteer<\/span>\n\t\t\t\t\t<\/span>\n\t\t\t\t\t<\/a>\n\t\t\t\t\t\t\t\t<\/div>\n\t\t\t\t<\/div>\n\t\t\t\t<\/div>\n\t\t\t\t\t<\/div>\n\t\t\t\t<\/div>\n\t\t\t\t<\/div>","protected":false},"excerpt":{"rendered":"<p>Rejoignez notre communaut\u00e9 de b\u00e9n\u00e9voles Depuis notre cr\u00e9ation, une communaut\u00e9 grandissante de b\u00e9n\u00e9voles passionn\u00e9s a choisi de s&rsquo;investir aux c\u00f4t\u00e9s [&hellip;]<\/p>\n","protected":false},"author":2,"featured_media":0,"parent":0,"menu_order":0,"comment_status":"closed","ping_status":"closed","template":"","meta":{"_acf_changed":false,"_uag_custom_page_level_css":"","site-sidebar-layout":"no-sidebar","site-content-layout":"","ast-site-content-layout":"full-width-container","site-content-style":"default","site-sidebar-style":"default","ast-global-header-display":"","ast-banner-title-visibility":"","ast-main-header-display":"","ast-hfb-above-header-display":"","ast-hfb-below-header-display":"","ast-hfb-mobile-header-display":"","site-post-title":"disabled","ast-breadcrumbs-content":"","ast-featured-img":"disabled","footer-sml-layout":"","ast-disable-related-posts":"","theme-transparent-header-meta":"","adv-header-id-meta":"","stick-header-meta":"","header-above-stick-meta":"","header-main-stick-meta":"","header-below-stick-meta":"","astra-migrate-meta-layouts":"default","ast-page-background-enabled":"default","ast-page-background-meta":{"desktop":{"background-color":"var(--ast-global-color-5)","background-image":"","background-repeat":"repeat","background-position":"center center","background-size":"auto","background-attachment":"scroll","background-type":"","background-media":"","overlay-type":"","overlay-color":"","overlay-opacity":"","overlay-gradient":""},"tablet":{"background-color":"","background-image":"","background-repeat":"repeat","background-position":"center center","background-size":"auto","background-attachment":"scroll","background-type":"","background-media":"","overlay-type":"","overlay-color":"","overlay-opacity":"","overlay-gradient":""},"mobile":{"background-color":"","background-image":"","background-repeat":"repeat","background-position":"center center","background-size":"auto","background-attachment":"scroll","background-type":"","background-media":"","overlay-type":"","overlay-color":"","overlay-opacity":"","overlay-gradient":""}},"ast-content-background-meta":{"desktop":{"background-color":"var(--ast-global-color-4)","background-image":"","background-repeat":"repeat","background-position":"center center","background-size":"auto","background-attachment":"scroll","background-type":"","background-media":"","overlay-type":"","overlay-color":"","overlay-opacity":"","overlay-gradient":""},"tablet":{"background-color":"var(--ast-global-color-4)","background-image":"","background-repeat":"repeat","background-position":"center center","background-size":"auto","background-attachment":"scroll","background-type":"","background-media":"","overlay-type":"","overlay-color":"","overlay-opacity":"","overlay-gradient":""},"mobile":{"background-color":"var(--ast-global-color-4)","background-image":"","background-repeat":"repeat","background-position":"center center","background-size":"auto","background-attachment":"scroll","background-type":"","background-media":"","overlay-type":"","overlay-color":"","overlay-opacity":"","overlay-gradient":""}},"footnotes":""},"class_list":["post-634","page","type-page","status-publish","hentry"],"acf":[],"uagb_featured_image_src":{"full":false,"thumbnail":false,"medium":false,"medium_large":false,"large":false,"1536x1536":false,"2048x2048":false,"trp-custom-language-flag":false,"gform-image-choice-sm":false,"gform-image-choice-md":false,"gform-image-choice-lg":false},"uagb_author_info":{"display_name":"Munir","author_link":"https:\/\/dev.sdesj.org\/en\/author\/munir\/"},"uagb_comment_info":0,"uagb_excerpt":"Rejoignez notre communaut\u00e9 de b\u00e9n\u00e9voles Depuis notre cr\u00e9ation, une communaut\u00e9 grandissante de b\u00e9n\u00e9voles passionn\u00e9s a choisi de s&rsquo;investir aux c\u00f4t\u00e9s [&hellip;]","_links":{"self":[{"href":"https:\/\/dev.sdesj.org\/en\/wp-json\/wp\/v2\/pages\/634","targetHints":{"allow":["GET"]}}],"collection":[{"href":"https:\/\/dev.sdesj.org\/en\/wp-json\/wp\/v2\/pages"}],"about":[{"href":"https:\/\/dev.sdesj.org\/en\/wp-json\/wp\/v2\/types\/page"}],"author":[{"embeddable":true,"href":"https:\/\/dev.sdesj.org\/en\/wp-json\/wp\/v2\/users\/2"}],"replies":[{"embeddable":true,"href":"https:\/\/dev.sdesj.org\/en\/wp-json\/wp\/v2\/comments?post=634"}],"version-history":[{"count":9,"href":"https:\/\/dev.sdesj.org\/en\/wp-json\/wp\/v2\/pages\/634\/revisions"}],"predecessor-version":[{"id":2628,"href":"https:\/\/dev.sdesj.org\/en\/wp-json\/wp\/v2\/pages\/634\/revisions\/2628"}],"wp:attachment":[{"href":"https:\/\/dev.sdesj.org\/en\/wp-json\/wp\/v2\/media?parent=634"}],"curies":[{"name":"wp","href":"https:\/\/api.w.org\/{rel}","templated":true}]}}